{"id":963,"date":"2023-07-10T17:35:54","date_gmt":"2023-07-10T17:35:54","guid":{"rendered":"https:\/\/kopps-berlin.de\/imprint\/"},"modified":"2024-12-03T09:49:04","modified_gmt":"2024-12-03T09:49:04","slug":"imprint","status":"publish","type":"page","link":"https:\/\/kopps-berlin.de\/en\/imprint\/","title":{"rendered":"Imprint"},"content":{"rendered":"<p>[et_pb_section fb_built=&#8221;1&#8243; _builder_version=&#8221;4.21.0&#8243; _module_preset=&#8221;default&#8221; background_color=&#8221;RGBA(255,255,255,0)&#8221; custom_padding=&#8221;69px|||||&#8221; global_colors_info=&#8221;{}&#8221;][et_pb_row column_structure=&#8221;1_2,1_2&#8243; _builder_version=&#8221;4.21.0&#8243; _module_preset=&#8221;default&#8221; global_colors_info=&#8221;{}&#8221;][et_pb_column type=&#8221;1_2&#8243; _builder_version=&#8221;4.21.0&#8243; _module_preset=&#8221;default&#8221; global_colors_info=&#8221;{}&#8221;][et_pb_text _builder_version=&#8221;4.23.1&#8243; _module_preset=&#8221;default&#8221; global_colors_info=&#8221;{}&#8221;]<\/p>\n<h1 style=\"text-align: center;\"><span style=\"color: #ffffff;\">Imprint<\/span><\/h1>\n<p>[\/et_pb_text][\/et_pb_column][et_pb_column type=&#8221;1_2&#8243; _builder_version=&#8221;4.21.0&#8243; _module_preset=&#8221;default&#8221; global_colors_info=&#8221;{}&#8221;][et_pb_text _builder_version=&#8221;4.23.1&#8243; _module_preset=&#8221;default&#8221; link_text_color=&#8221;#FFFFFF&#8221; global_colors_info=&#8221;{}&#8221;]<\/p>\n<h2><span style=\"color: #ffffff;\"><\/span><\/h2>\n<h2><span style=\"color: #ffffff;\">Angaben gem\u00e4\u00df \u00a7 5 TMG:<\/span><\/h2>\n<p><span style=\"color: #ffffff;\">Ilhami &amp; Julie GmbH \/ veganes Restaurant kopps<\/span><\/p>\n<p><span style=\"color: #ffffff;\">Spandauer Stra\u00dfe 2<\/span><\/p>\n<p><span style=\"color: #ffffff;\">10178 Berlin<\/span><\/p>\n<p><span style=\"color: #ffffff;\">Deutschland<\/span><\/p>\n<p><span style=\"color: #ffffff;\"><b><\/b><\/span><\/p>\n<p><span style=\"color: #ffffff;\"><b>Vertreten durch:<\/b><\/span><br \/><span style=\"color: #ffffff;\">Julie Schnitzer<\/span><br \/><span style=\"color: #ffffff;\">Kontakt:<\/span><br \/><span style=\"color: #ffffff;\">Telefon: 0177 4655251<\/span><\/p>\n<p><span style=\"color: #ffffff;\">E-Mail:ilhami.terzi@hotmail.com<\/span><\/p>\n<p><b><span style=\"color: #ffffff;\">Fotografie:<\/span><\/b><br \/><span style=\"color: #ffffff;\">\u00a9 kopps, Ilhami Terzi<\/span><\/p>\n<p><span style=\"color: #ffffff;\">\u00a9 Stefan H\u00f6derath<\/span><\/p>\n<p><span style=\"color: #ffffff;\">\u00a9 krautkopf<\/span><\/p>\n<h6><span style=\"color: #ffffff;\">G-Translator:<\/span><\/h6>\n<p><span style=\"color: #ffffff;\"><a href=\"https:\/\/gtranslate.io\/\">https:\/\/gtranslate.io\/<\/a><\/span><\/p>\n<p><b><span style=\"color: #ffffff;\">Registereintrag:<\/span><\/b><br \/><span style=\"color: #ffffff;\">Eintragung im Handelsregister.<\/span><\/p>\n<p><span style=\"color: #ffffff;\">Registergericht: Berlin (Charlottenburg)<\/span><\/p>\n<p><span style=\"color: #ffffff;\">Registernummer: HRB 134410<\/span><\/p>\n<p><b><span style=\"color: #ffffff;\">Umsatzsteuer-ID:<\/span><\/b><br \/><span style=\"color: #ffffff;\">Umsatzsteuer-Identifikationsnummer gem\u00e4\u00df \u00a727 a Umsatzsteuergesetz:<\/span><\/p>\n<p><span style=\"color: #ffffff;\">DE 815 293 470<\/span><\/p>\n<p><b><span style=\"color: #ffffff;\">Verantwortlich f\u00fcr den Inhalt nach \u00a7 55 Abs. 2 RStV:<\/span><\/b><\/p>\n<p><span style=\"color: #ffffff;\">Julie Schnitzer<\/span><\/p>\n<p><span style=\"font-size: 14px;\">Spandauer Stra\u00dfe 2<\/span><\/p>\n<p><span style=\"color: #ffffff;\">10178 Berlin<\/span><\/p>\n<p><b><span style=\"color: #ffffff;\">Quelle:<\/span><\/b><br \/><span style=\"color: #ffffff;\">Erstellt durch den Impressum-Generator von e-recht24.de f\u00fcr GmbH &amp; CO. KG.<\/span><br \/>\u200d<br \/><b><span style=\"color: #ffffff;\">Haftungsausschluss:<\/span><\/b><br \/><span style=\"color: #ffffff;\">Haftung f\u00fcr Inhalte<\/span><\/p>\n<p><span style=\"color: #ffffff;\">Die Inhalte unserer Seiten wurden mit gr\u00f6\u00dfter Sorgfalt erstellt. F\u00fcr die Richtigkeit, Vollst\u00e4ndigkeit und Aktualit\u00e4t der Inhalte k\u00f6nnen wir jedoch keine Gew\u00e4hr \u00fcbernehmen. Als Diensteanbieter sind wir gem\u00e4\u00df \u00a7 7 Abs.1 TMG f\u00fcr eigene Inhalte auf diesen Seiten nach den allgemeinen Gesetzen verantwortlich. Nach \u00a7\u00a7 8 bis 10 TMG sind wir als Diensteanbieter jedoch nicht verpflichtet, \u00fcbermittelte oder gespeicherte fremde Informationen zu \u00fcberwachen oder nach Umst\u00e4nden zu forschen, die auf eine rechtswidrige T\u00e4tigkeit hinweisen. Verpflichtungen zur Entfernung oder Sperrung der Nutzung von Informationen nach den allgemeinen Gesetzen bleiben hiervon unber\u00fchrt. Eine diesbez\u00fcgliche Haftung ist jedoch erst ab dem Zeitpunkt der Kenntnis einer konkreten Rechtsverletzung m\u00f6glich. Bei Bekanntwerden von entsprechenden Rechtsverletzungen werden wir diese Inhalte umgehend entfernen.<\/span><br \/>\u200d<br \/><b><span style=\"color: #ffffff;\">Haftung f\u00fcr Links<\/span><\/b><br \/><span style=\"color: #ffffff;\">Unser Angebot enth\u00e4lt Links zu externen Webseiten Dritter, auf deren Inhalte wir keinen Einfluss haben. Deshalb k\u00f6nnen wir f\u00fcr diese fremden Inhalte auch keine Gew\u00e4hr \u00fcbernehmen. F\u00fcr die Inhalte der verlinkten Seiten ist stets der jeweilige Anbieter oder Betreiber der Seiten verantwortlich. Die verlinkten Seiten wurden zum Zeitpunkt der Verlinkung auf m\u00f6gliche Rechtsverst\u00f6\u00dfe \u00fcberpr\u00fcft. Rechtswidrige Inhalte waren zum Zeitpunkt der Verlinkung nicht erkennbar. Eine permanente inhaltliche Kontrolle der verlinkten Seiten ist jedoch ohne konkrete Anhaltspunkte einer Rechtsverletzung nicht zumutbar. Bei Bekanntwerden von Rechtsverletzungen werden wir derartige Links umgehend entfernen.<\/span><br \/>\u200d<br \/><b><span style=\"color: #ffffff;\">Urheberrecht<\/span><\/b><br \/><span style=\"color: #ffffff;\">Die durch die Seitenbetreiber erstellten Inhalte und Werke auf diesen Seiten unterliegen dem deutschen Urheberrecht. Die Vervielf\u00e4ltigung, Bearbeitung, Verbreitung und jede Art der Verwertung au\u00dferhalb der Grenzen des Urheberrechtes bed\u00fcrfen der schriftlichen Zustimmung des jeweiligen Autors bzw. Erstellers. Downloads und Kopien dieser Seite sind nur f\u00fcr den privaten, nicht kommerziellen Gebrauch gestattet. Soweit die Inhalte auf dieser Seite nicht vom Betreiber erstellt wurden, werden die Urheberrechte Dritter beachtet. Insbesondere werden Inhalte Dritter als solche gekennzeichnet. Sollten Sie trotzdem auf eine Urheberrechtsverletzung aufmerksam werden, bitten wir um einen entsprechenden Hinweis. Bei Bekanntwerden von Rechtsverletzungen werden wir derartige Inhalte umgehend entfernen.<\/span><br \/>\u200d<br \/><b><span style=\"color: #ffffff;\">Datenschutz<\/span><\/b><br \/><span style=\"color: #ffffff;\">Die Nutzung unserer Webseite ist in der Regel ohne Angabe personenbezogener Daten m\u00f6glich. Soweit auf unseren Seiten personenbezogene Daten (beispielsweise Name, Anschrift oder E-Mail-Adressen) erhoben werden, erfolgt dies, soweit m\u00f6glich, stets auf freiwilliger Basis. Diese Daten werden ohne Ihre ausdr\u00fcckliche Zustimmung nicht an Dritte weitergegeben.<\/span><\/p>\n<p><span style=\"color: #ffffff;\">Wir weisen darauf hin, dass die Daten\u00fcbertragung im Internet (z.B. bei der Kommunikation per E-Mail) Sicherheitsl\u00fccken aufweisen kann. Ein l\u00fcckenloser Schutz der Daten vor dem Zugriff durch Dritte ist nicht m\u00f6glich.<\/span><\/p>\n<p><span style=\"color: #ffffff;\">Der Nutzung von im Rahmen der Impressumspflicht ver\u00f6ffentlichten Kontaktdaten durch Dritte zur \u00dcbersendung von nicht ausdr\u00fccklich angeforderter Werbung und Informationsmaterialien wird hiermit ausdr\u00fccklich widersprochen. Die Betreiber der Seiten behalten sich ausdr\u00fccklich rechtliche Schritte im Falle der unverlangten Zusendung von Werbeinformationen, etwa durch Spam-Mails, vor.<\/span><\/p>\n<p>[\/et_pb_text][\/et_pb_column][\/et_pb_row][\/et_pb_section]<\/p>\n","protected":false},"excerpt":{"rendered":"<p>Imprint Angaben gem\u00e4\u00df \u00a7 5 TMG: Ilhami &amp; Julie GmbH \/ veganes Restaurant kopps Spandauer Stra\u00dfe 2 10178 Berlin Deutschland Vertreten durch:Julie SchnitzerKontakt:Telefon: 0177 4655251 E-Mail:ilhami.terzi@hotmail.com Fotografie:\u00a9 kopps, Ilhami Terzi \u00a9 Stefan H\u00f6derath \u00a9 krautkopf G-Translator: https:\/\/gtranslate.io\/ Registereintrag:Eintragung im Handelsregister. Registergericht: Berlin (Charlottenburg) Registernummer: HRB 134410 Umsatzsteuer-ID:Umsatzsteuer-Identifikationsnummer gem\u00e4\u00df \u00a727 a Umsatzsteuergesetz: DE 815 293 470 [&hellip;]<\/p>\n","protected":false},"author":1,"featured_media":0,"parent":0,"menu_order":0,"comment_status":"closed","ping_status":"closed","template":"","meta":{"_et_pb_use_builder":"on","_et_pb_old_content":"","_et_gb_content_width":"","_coblocks_attr":"","_coblocks_dimensions":"","_coblocks_responsive_height":"","_coblocks_accordion_ie_support":"","pgc_sgb_lightbox_settings":"","footnotes":""},"class_list":["post-963","page","type-page","status-publish","hentry"],"yoast_head":"<!-- This site is optimized with the Yoast SEO plugin v27.5 - https:\/\/yoast.com\/product\/yoast-seo-wordpress\/ -->\n<title>Imprint - Kopps Berlin<\/title>\n<meta name=\"robots\" content=\"index, follow, max-snippet:-1, max-image-preview:large, max-video-preview:-1\" \/>\n<link rel=\"canonical\" href=\"https:\/\/kopps-berlin.de\/en\/imprint\/\" \/>\n<meta property=\"og:locale\" content=\"en_US\" \/>\n<meta property=\"og:type\" content=\"article\" \/>\n<meta property=\"og:title\" content=\"Imprint - Kopps Berlin\" \/>\n<meta property=\"og:description\" content=\"Imprint Angaben gem\u00e4\u00df \u00a7 5 TMG: Ilhami &amp; Julie GmbH \/ veganes Restaurant kopps Spandauer Stra\u00dfe 2 10178 Berlin Deutschland Vertreten durch:Julie SchnitzerKontakt:Telefon: 0177 4655251 E-Mail:ilhami.terzi@hotmail.com Fotografie:\u00a9 kopps, Ilhami Terzi \u00a9 Stefan H\u00f6derath \u00a9 krautkopf G-Translator: https:\/\/gtranslate.io\/ Registereintrag:Eintragung im Handelsregister. Registergericht: Berlin (Charlottenburg) Registernummer: HRB 134410 Umsatzsteuer-ID:Umsatzsteuer-Identifikationsnummer gem\u00e4\u00df \u00a727 a Umsatzsteuergesetz: DE 815 293 470 [&hellip;]\" \/>\n<meta property=\"og:url\" content=\"https:\/\/kopps-berlin.de\/en\/imprint\/\" \/>\n<meta property=\"og:site_name\" content=\"Kopps Berlin\" \/>\n<meta property=\"article:modified_time\" content=\"2024-12-03T09:49:04+00:00\" \/>\n<meta name=\"twitter:card\" content=\"summary_large_image\" \/>\n<meta name=\"twitter:label1\" content=\"Est. reading time\" \/>\n\t<meta name=\"twitter:data1\" content=\"3 minutes\" \/>\n<script type=\"application\/ld+json\" class=\"yoast-schema-graph\">{\"@context\":\"https:\\\/\\\/schema.org\",\"@graph\":[{\"@type\":\"WebPage\",\"@id\":\"https:\\\/\\\/kopps-berlin.de\\\/en\\\/imprint\\\/\",\"url\":\"https:\\\/\\\/kopps-berlin.de\\\/en\\\/imprint\\\/\",\"name\":\"Imprint - Kopps Berlin\",\"isPartOf\":{\"@id\":\"https:\\\/\\\/kopps-berlin.de\\\/#website\"},\"datePublished\":\"2023-07-10T17:35:54+00:00\",\"dateModified\":\"2024-12-03T09:49:04+00:00\",\"breadcrumb\":{\"@id\":\"https:\\\/\\\/kopps-berlin.de\\\/en\\\/imprint\\\/#breadcrumb\"},\"inLanguage\":\"en-US\",\"potentialAction\":[{\"@type\":\"ReadAction\",\"target\":[\"https:\\\/\\\/kopps-berlin.de\\\/en\\\/imprint\\\/\"]}]},{\"@type\":\"BreadcrumbList\",\"@id\":\"https:\\\/\\\/kopps-berlin.de\\\/en\\\/imprint\\\/#breadcrumb\",\"itemListElement\":[{\"@type\":\"ListItem\",\"position\":1,\"name\":\"Startseite\",\"item\":\"https:\\\/\\\/kopps-berlin.de\\\/en\\\/\"},{\"@type\":\"ListItem\",\"position\":2,\"name\":\"Imprint\"}]},{\"@type\":\"WebSite\",\"@id\":\"https:\\\/\\\/kopps-berlin.de\\\/#website\",\"url\":\"https:\\\/\\\/kopps-berlin.de\\\/\",\"name\":\"Kopps Berlin\",\"description\":\"Veganes Fine-Dining Restaurant &amp; Bar | Kopps Berlin\",\"potentialAction\":[{\"@type\":\"SearchAction\",\"target\":{\"@type\":\"EntryPoint\",\"urlTemplate\":\"https:\\\/\\\/kopps-berlin.de\\\/?s={search_term_string}\"},\"query-input\":{\"@type\":\"PropertyValueSpecification\",\"valueRequired\":true,\"valueName\":\"search_term_string\"}}],\"inLanguage\":\"en-US\"}]}<\/script>\n<!-- \/ Yoast SEO plugin. -->","yoast_head_json":{"title":"Imprint - Kopps Berlin","robots":{"index":"index","follow":"follow","max-snippet":"max-snippet:-1","max-image-preview":"max-image-preview:large","max-video-preview":"max-video-preview:-1"},"canonical":"https:\/\/kopps-berlin.de\/en\/imprint\/","og_locale":"en_US","og_type":"article","og_title":"Imprint - Kopps Berlin","og_description":"Imprint Angaben gem\u00e4\u00df \u00a7 5 TMG: Ilhami &amp; Julie GmbH \/ veganes Restaurant kopps Spandauer Stra\u00dfe 2 10178 Berlin Deutschland Vertreten durch:Julie SchnitzerKontakt:Telefon: 0177 4655251 E-Mail:ilhami.terzi@hotmail.com Fotografie:\u00a9 kopps, Ilhami Terzi \u00a9 Stefan H\u00f6derath \u00a9 krautkopf G-Translator: https:\/\/gtranslate.io\/ Registereintrag:Eintragung im Handelsregister. Registergericht: Berlin (Charlottenburg) Registernummer: HRB 134410 Umsatzsteuer-ID:Umsatzsteuer-Identifikationsnummer gem\u00e4\u00df \u00a727 a Umsatzsteuergesetz: DE 815 293 470 [&hellip;]","og_url":"https:\/\/kopps-berlin.de\/en\/imprint\/","og_site_name":"Kopps Berlin","article_modified_time":"2024-12-03T09:49:04+00:00","twitter_card":"summary_large_image","twitter_misc":{"Est. reading time":"3 minutes"},"schema":{"@context":"https:\/\/schema.org","@graph":[{"@type":"WebPage","@id":"https:\/\/kopps-berlin.de\/en\/imprint\/","url":"https:\/\/kopps-berlin.de\/en\/imprint\/","name":"Imprint - Kopps Berlin","isPartOf":{"@id":"https:\/\/kopps-berlin.de\/#website"},"datePublished":"2023-07-10T17:35:54+00:00","dateModified":"2024-12-03T09:49:04+00:00","breadcrumb":{"@id":"https:\/\/kopps-berlin.de\/en\/imprint\/#breadcrumb"},"inLanguage":"en-US","potentialAction":[{"@type":"ReadAction","target":["https:\/\/kopps-berlin.de\/en\/imprint\/"]}]},{"@type":"BreadcrumbList","@id":"https:\/\/kopps-berlin.de\/en\/imprint\/#breadcrumb","itemListElement":[{"@type":"ListItem","position":1,"name":"Startseite","item":"https:\/\/kopps-berlin.de\/en\/"},{"@type":"ListItem","position":2,"name":"Imprint"}]},{"@type":"WebSite","@id":"https:\/\/kopps-berlin.de\/#website","url":"https:\/\/kopps-berlin.de\/","name":"Kopps Berlin","description":"Veganes Fine-Dining Restaurant &amp; Bar | Kopps Berlin","potentialAction":[{"@type":"SearchAction","target":{"@type":"EntryPoint","urlTemplate":"https:\/\/kopps-berlin.de\/?s={search_term_string}"},"query-input":{"@type":"PropertyValueSpecification","valueRequired":true,"valueName":"search_term_string"}}],"inLanguage":"en-US"}]}},"_links":{"self":[{"href":"https:\/\/kopps-berlin.de\/en\/wp-json\/wp\/v2\/pages\/963","targetHints":{"allow":["GET"]}}],"collection":[{"href":"https:\/\/kopps-berlin.de\/en\/wp-json\/wp\/v2\/pages"}],"about":[{"href":"https:\/\/kopps-berlin.de\/en\/wp-json\/wp\/v2\/types\/page"}],"author":[{"embeddable":true,"href":"https:\/\/kopps-berlin.de\/en\/wp-json\/wp\/v2\/users\/1"}],"replies":[{"embeddable":true,"href":"https:\/\/kopps-berlin.de\/en\/wp-json\/wp\/v2\/comments?post=963"}],"version-history":[{"count":12,"href":"https:\/\/kopps-berlin.de\/en\/wp-json\/wp\/v2\/pages\/963\/revisions"}],"predecessor-version":[{"id":1752,"href":"https:\/\/kopps-berlin.de\/en\/wp-json\/wp\/v2\/pages\/963\/revisions\/1752"}],"wp:attachment":[{"href":"https:\/\/kopps-berlin.de\/en\/wp-json\/wp\/v2\/media?parent=963"}],"curies":[{"name":"wp","href":"https:\/\/api.w.org\/{rel}","templated":true}]}}