{"id":1052,"date":"2023-07-11T22:41:05","date_gmt":"2023-07-11T22:41:05","guid":{"rendered":"https:\/\/kopps-berlin.de\/drink-accompaniment-alcoholic\/"},"modified":"2023-12-19T17:45:40","modified_gmt":"2023-12-19T17:45:40","slug":"drink-accompaniment-alcoholic","status":"publish","type":"page","link":"https:\/\/kopps-berlin.de\/en\/drink-accompaniment-alcoholic\/","title":{"rendered":"Drink accompaniment Alcoholic"},"content":{"rendered":"<p>[et_pb_section fb_built=&#8221;1&#8243; _builder_version=&#8221;4.21.0&#8243; _module_preset=&#8221;default&#8221; global_colors_info=&#8221;{}&#8221;][et_pb_row _builder_version=&#8221;4.21.0&#8243; _module_preset=&#8221;default&#8221; global_colors_info=&#8221;{}&#8221;][et_pb_column type=&#8221;4_4&#8243; _builder_version=&#8221;4.21.0&#8243; _module_preset=&#8221;default&#8221; global_colors_info=&#8221;{}&#8221;][et_pb_text _builder_version=&#8221;4.22.1&#8243; _module_preset=&#8221;71016bf1-fa08-4b1a-8ffc-90f5849bf4ad&#8221; global_colors_info=&#8221;{}&#8221;]<\/p>\n<h1><span style=\"color: #ffffff;\">Alcoholic beverage accompaniment<\/span><\/h1>\n<p>[\/et_pb_text][et_pb_text _builder_version=&#8221;4.23.1&#8243; _module_preset=&#8221;71016bf1-fa08-4b1a-8ffc-90f5849bf4ad&#8221; text_font=&#8221;SimplonMono||||||||&#8221; text_font_size=&#8221;14px&#8221; text_letter_spacing=&#8221;0px&#8221; text_line_height=&#8221;1.8em&#8221; hover_enabled=&#8221;0&#8243; text_font_size_phone=&#8221;14px&#8221; global_colors_info=&#8221;{}&#8221; sticky_enabled=&#8221;0&#8243;]<\/p>\n<p><a href=\"https:\/\/kopps-berlin.de\/en\/restaurant\/\">Restaurant<\/a> Kopps Berlin offers you a wide range of vegan alcoholic drinks that go perfectly with the vegan dishes. The drinks accompaniment is available in 5-, 6- or 7-course menus and costs between \u20ac55 and \u20ac77. The drinks are specially matched to the respective menu and offer a complete taste experience. The alcoholic beverage accompaniment includes a variety of drinks, including wine, sparkling wine and vegan cocktails.<\/p>\n<p>Of course, we also offer a selection of <a href=\"https:\/\/kopps-berlin.de\/en\/drink-accompaniment-sober\/\">non-alcoholic drinks<\/a> at Kopps Berlin.<\/p>\n<p>[\/et_pb_text][et_pb_text _builder_version=&#8221;4.21.0&#8243; _module_preset=&#8221;b221a7c0-2456-40c0-ad6a-50f9625172d2&#8243; global_colors_info=&#8221;{}&#8221;]<\/p>\n<p>I<br \/>orange<br \/>sage<br \/>curry madras<br \/>maple<br \/>champagne<br \/>\u200d<\/p>\n<p>II<br \/>herman ludes<br \/>th\u00f6rnicher ritsch<br \/>riesling kabinett<br \/>moselle<br \/>2021<\/p>\n<p>&nbsp;<\/p>\n<p>III<br \/>gilvesy<br \/>furmint<br \/>blaton | hungary<br \/>2019<\/p>\n<p>&nbsp;<\/p>\n<p>IV<br \/>clot de les soleres<br \/>chard17 ancestral<br \/>catalonia<br \/>2017<\/p>\n<p>&nbsp;<\/p>\n<p>V<br \/>domaine vendange<br \/>mondeuse<br \/>savoy<br \/>2020<\/p>\n<p>&nbsp;<\/p>\n<p>VI<br \/>(bubble tea)<br \/>patron silver<br \/>yellow beet<br \/>mountain apple and hops<br \/>dry cura\u00e7ao<br \/>yuzu<\/p>\n<p>&nbsp;<\/p>\n<p>VII<br \/>(milkpunch)<br \/>pierre ferrand cognac ambre<br \/>sour cherry<br \/>port wine<br \/>corn cr\u00e8me br\u00fbl\u00e9e<br \/>chocolate<\/p>\n<p>7 drinks 77 \/ 6 drinks 66 \/ 5 drinks 55<\/p>\n<p>[\/et_pb_text][\/et_pb_column][\/et_pb_row][\/et_pb_section]<\/p>\n","protected":false},"excerpt":{"rendered":"<p>Alcoholic beverage accompanimentRestaurant Kopps Berlin offers you a wide range of vegan alcoholic drinks that go perfectly with the vegan dishes. The drinks accompaniment is available in 5-, 6- or 7-course menus and costs between \u20ac55 and \u20ac77. The drinks are specially matched to the respective menu and offer a complete taste experience. The alcoholic [&hellip;]<\/p>\n","protected":false},"author":1,"featured_media":0,"parent":0,"menu_order":0,"comment_status":"closed","ping_status":"closed","template":"","meta":{"_et_pb_use_builder":"on","_et_pb_old_content":"","_et_gb_content_width":"","_coblocks_attr":"","_coblocks_dimensions":"","_coblocks_responsive_height":"","_coblocks_accordion_ie_support":"","pgc_sgb_lightbox_settings":"","footnotes":""},"class_list":["post-1052","page","type-page","status-publish","hentry"],"yoast_head":"<!-- This site is optimized with the Yoast SEO plugin v27.6 - https:\/\/yoast.com\/product\/yoast-seo-wordpress\/ -->\n<title>Alcoholic vegan drink accompaniment | Kopps Berlin<\/title>\n<meta name=\"description\" content=\"Vegan alcoholic drinks to go with the vegan 5 to 7 course menu \u2713 5 drinks \u20ac55 \u2713 6 drinks \u20ac66 \u2713 7 drinks \u20ac77 \u2713 Enjoy!\" \/>\n<meta name=\"robots\" content=\"index, follow, max-snippet:-1, max-image-preview:large, max-video-preview:-1\" \/>\n<link rel=\"canonical\" href=\"https:\/\/kopps-berlin.de\/en\/drink-accompaniment-alcoholic\/\" \/>\n<meta property=\"og:locale\" content=\"en_US\" \/>\n<meta property=\"og:type\" content=\"article\" \/>\n<meta property=\"og:title\" content=\"Alcoholic vegan drink accompaniment | Kopps Berlin\" \/>\n<meta property=\"og:description\" content=\"Vegan alcoholic drinks to go with the vegan 5 to 7 course menu \u2713 5 drinks \u20ac55 \u2713 6 drinks \u20ac66 \u2713 7 drinks \u20ac77 \u2713 Enjoy!\" \/>\n<meta property=\"og:url\" content=\"https:\/\/kopps-berlin.de\/en\/drink-accompaniment-alcoholic\/\" \/>\n<meta property=\"og:site_name\" content=\"Kopps Berlin\" \/>\n<meta property=\"article:modified_time\" content=\"2023-12-19T17:45:40+00:00\" \/>\n<meta name=\"twitter:card\" content=\"summary_large_image\" \/>\n<meta name=\"twitter:label1\" content=\"Est. reading time\" \/>\n\t<meta name=\"twitter:data1\" content=\"1 minute\" \/>\n<script type=\"application\/ld+json\" class=\"yoast-schema-graph\">{\"@context\":\"https:\\\/\\\/schema.org\",\"@graph\":[{\"@type\":\"WebPage\",\"@id\":\"https:\\\/\\\/kopps-berlin.de\\\/en\\\/drink-accompaniment-alcoholic\\\/\",\"url\":\"https:\\\/\\\/kopps-berlin.de\\\/en\\\/drink-accompaniment-alcoholic\\\/\",\"name\":\"Alcoholic vegan drink accompaniment | Kopps Berlin\",\"isPartOf\":{\"@id\":\"https:\\\/\\\/kopps-berlin.de\\\/#website\"},\"datePublished\":\"2023-07-11T22:41:05+00:00\",\"dateModified\":\"2023-12-19T17:45:40+00:00\",\"description\":\"Vegan alcoholic drinks to go with the vegan 5 to 7 course menu \u2713 5 drinks \u20ac55 \u2713 6 drinks \u20ac66 \u2713 7 drinks \u20ac77 \u2713 Enjoy!\",\"breadcrumb\":{\"@id\":\"https:\\\/\\\/kopps-berlin.de\\\/en\\\/drink-accompaniment-alcoholic\\\/#breadcrumb\"},\"inLanguage\":\"en-US\",\"potentialAction\":[{\"@type\":\"ReadAction\",\"target\":[\"https:\\\/\\\/kopps-berlin.de\\\/en\\\/drink-accompaniment-alcoholic\\\/\"]}]},{\"@type\":\"BreadcrumbList\",\"@id\":\"https:\\\/\\\/kopps-berlin.de\\\/en\\\/drink-accompaniment-alcoholic\\\/#breadcrumb\",\"itemListElement\":[{\"@type\":\"ListItem\",\"position\":1,\"name\":\"Startseite\",\"item\":\"https:\\\/\\\/kopps-berlin.de\\\/en\\\/\"},{\"@type\":\"ListItem\",\"position\":2,\"name\":\"Drink accompaniment Alcoholic\"}]},{\"@type\":\"WebSite\",\"@id\":\"https:\\\/\\\/kopps-berlin.de\\\/#website\",\"url\":\"https:\\\/\\\/kopps-berlin.de\\\/\",\"name\":\"Kopps Berlin\",\"description\":\"Veganes Fine-Dining Restaurant &amp; Bar | Kopps Berlin\",\"potentialAction\":[{\"@type\":\"SearchAction\",\"target\":{\"@type\":\"EntryPoint\",\"urlTemplate\":\"https:\\\/\\\/kopps-berlin.de\\\/?s={search_term_string}\"},\"query-input\":{\"@type\":\"PropertyValueSpecification\",\"valueRequired\":true,\"valueName\":\"search_term_string\"}}],\"inLanguage\":\"en-US\"}]}<\/script>\n<!-- \/ Yoast SEO plugin. -->","yoast_head_json":{"title":"Alcoholic vegan drink accompaniment | Kopps Berlin","description":"Vegan alcoholic drinks to go with the vegan 5 to 7 course menu \u2713 5 drinks \u20ac55 \u2713 6 drinks \u20ac66 \u2713 7 drinks \u20ac77 \u2713 Enjoy!","robots":{"index":"index","follow":"follow","max-snippet":"max-snippet:-1","max-image-preview":"max-image-preview:large","max-video-preview":"max-video-preview:-1"},"canonical":"https:\/\/kopps-berlin.de\/en\/drink-accompaniment-alcoholic\/","og_locale":"en_US","og_type":"article","og_title":"Alcoholic vegan drink accompaniment | Kopps Berlin","og_description":"Vegan alcoholic drinks to go with the vegan 5 to 7 course menu \u2713 5 drinks \u20ac55 \u2713 6 drinks \u20ac66 \u2713 7 drinks \u20ac77 \u2713 Enjoy!","og_url":"https:\/\/kopps-berlin.de\/en\/drink-accompaniment-alcoholic\/","og_site_name":"Kopps Berlin","article_modified_time":"2023-12-19T17:45:40+00:00","twitter_card":"summary_large_image","twitter_misc":{"Est. reading time":"1 minute"},"schema":{"@context":"https:\/\/schema.org","@graph":[{"@type":"WebPage","@id":"https:\/\/kopps-berlin.de\/en\/drink-accompaniment-alcoholic\/","url":"https:\/\/kopps-berlin.de\/en\/drink-accompaniment-alcoholic\/","name":"Alcoholic vegan drink accompaniment | Kopps Berlin","isPartOf":{"@id":"https:\/\/kopps-berlin.de\/#website"},"datePublished":"2023-07-11T22:41:05+00:00","dateModified":"2023-12-19T17:45:40+00:00","description":"Vegan alcoholic drinks to go with the vegan 5 to 7 course menu \u2713 5 drinks \u20ac55 \u2713 6 drinks \u20ac66 \u2713 7 drinks \u20ac77 \u2713 Enjoy!","breadcrumb":{"@id":"https:\/\/kopps-berlin.de\/en\/drink-accompaniment-alcoholic\/#breadcrumb"},"inLanguage":"en-US","potentialAction":[{"@type":"ReadAction","target":["https:\/\/kopps-berlin.de\/en\/drink-accompaniment-alcoholic\/"]}]},{"@type":"BreadcrumbList","@id":"https:\/\/kopps-berlin.de\/en\/drink-accompaniment-alcoholic\/#breadcrumb","itemListElement":[{"@type":"ListItem","position":1,"name":"Startseite","item":"https:\/\/kopps-berlin.de\/en\/"},{"@type":"ListItem","position":2,"name":"Drink accompaniment Alcoholic"}]},{"@type":"WebSite","@id":"https:\/\/kopps-berlin.de\/#website","url":"https:\/\/kopps-berlin.de\/","name":"Kopps Berlin","description":"Veganes Fine-Dining Restaurant &amp; Bar | Kopps Berlin","potentialAction":[{"@type":"SearchAction","target":{"@type":"EntryPoint","urlTemplate":"https:\/\/kopps-berlin.de\/?s={search_term_string}"},"query-input":{"@type":"PropertyValueSpecification","valueRequired":true,"valueName":"search_term_string"}}],"inLanguage":"en-US"}]}},"_links":{"self":[{"href":"https:\/\/kopps-berlin.de\/en\/wp-json\/wp\/v2\/pages\/1052","targetHints":{"allow":["GET"]}}],"collection":[{"href":"https:\/\/kopps-berlin.de\/en\/wp-json\/wp\/v2\/pages"}],"about":[{"href":"https:\/\/kopps-berlin.de\/en\/wp-json\/wp\/v2\/types\/page"}],"author":[{"embeddable":true,"href":"https:\/\/kopps-berlin.de\/en\/wp-json\/wp\/v2\/users\/1"}],"replies":[{"embeddable":true,"href":"https:\/\/kopps-berlin.de\/en\/wp-json\/wp\/v2\/comments?post=1052"}],"version-history":[{"count":17,"href":"https:\/\/kopps-berlin.de\/en\/wp-json\/wp\/v2\/pages\/1052\/revisions"}],"predecessor-version":[{"id":1427,"href":"https:\/\/kopps-berlin.de\/en\/wp-json\/wp\/v2\/pages\/1052\/revisions\/1427"}],"wp:attachment":[{"href":"https:\/\/kopps-berlin.de\/en\/wp-json\/wp\/v2\/media?parent=1052"}],"curies":[{"name":"wp","href":"https:\/\/api.w.org\/{rel}","templated":true}]}}